{"id":1517,"date":"2025-08-25T17:56:07","date_gmt":"2025-08-25T17:56:07","guid":{"rendered":"https:\/\/elektragranby.ca\/?page_id=1517"},"modified":"2025-08-26T19:59:03","modified_gmt":"2025-08-26T19:59:03","slug":"iptv","status":"publish","type":"page","link":"https:\/\/elektragranby.ca\/index.php\/iptv\/","title":{"rendered":"IPTV"},"content":{"rendered":"\t\t<div data-elementor-type=\"wp-page\" data-elementor-id=\"1517\" class=\"elementor elementor-1517\">\n\t\t\t\t<div class=\"elementor-element elementor-element-7e73e8a e-flex e-con-boxed e-con e-parent\" data-id=\"7e73e8a\" data-element_type=\"container\" data-e-type=\"container\">\n\t\t\t\t\t<div class=\"e-con-inner\">\n\t\t\t\t<div class=\"elementor-element elementor-element-817339f elementor-widget elementor-widget-text-editor\" data-id=\"817339f\" data-element_type=\"widget\" data-e-type=\"widget\" data-widget_type=\"text-editor.default\">\n\t\t\t\t\t\t\t\t\t<p>L&rsquo;<b>IPTV<\/b>, ou <b>t\u00e9l\u00e9vision sur protocole Internet<\/b>, est une technologie qui diffuse des cha\u00eenes et du contenu vid\u00e9o directement par votre connexion Internet. Plut\u00f4t que d&rsquo;utiliser un c\u00e2ble ou une antenne, elle fonctionne comme le streaming (\u00e0 la mani\u00e8re de Netflix), ce qui vous permet de regarder des programmes sur une multitude d&rsquo;appareils connect\u00e9s.<\/p><p>Afin d activer nos services ou de renouveler votre abonnement, merci de remplir le formulaire ci-dessous.<\/p><p><img fetchpriority=\"high\" decoding=\"async\" class=\" wp-image-1545 alignleft lazyload\" src=\"data:image\/gif;base64,R0lGODlhAQABAIAAAAAAAP\/\/\/yH5BAEAAAAALAAAAAABAAEAAAIBRAA7\" data-src=\"https:\/\/elektragranby.ca\/wp-content\/uploads\/2025\/08\/Giftbox-Only_Z11PRO-300x289.png\" alt=\"\" width=\"254\" height=\"245\" \/><noscript><img decoding=\"async\" class=\" wp-image-1545 alignleft lazyload\" src=\"https:\/\/elektragranby.ca\/wp-content\/uploads\/2025\/08\/Giftbox-Only_Z11PRO-300x289.png\" alt=\"\" width=\"254\" height=\"245\" srcset=\"https:\/\/elektragranby.ca\/wp-content\/uploads\/2025\/08\/Giftbox-Only_Z11PRO-300x289.png 300w, https:\/\/elektragranby.ca\/wp-content\/uploads\/2025\/08\/Giftbox-Only_Z11PRO-768x739.png 768w, https:\/\/elektragranby.ca\/wp-content\/uploads\/2025\/08\/Giftbox-Only_Z11PRO-600x578.png 600w, https:\/\/elektragranby.ca\/wp-content\/uploads\/2025\/08\/Giftbox-Only_Z11PRO.png 935w\" sizes=\"(max-width: 254px) 100vw, 254px\" \/><\/noscript><\/p><p><strong>Aussi notre abonnement fonctionne de fa\u00e7on optimale sur le boitier multimedia Formuler Z11pro vendu au prix de <em>209.00 CAD<\/em>.<\/strong><\/p>\t\t\t\t\t\t\t\t<\/div>\n\t\t\t\t\t<\/div>\n\t\t\t\t<\/div>\n\t\t<div class=\"elementor-element elementor-element-ba499fa e-flex e-con-boxed e-con e-parent\" data-id=\"ba499fa\" data-element_type=\"container\" data-e-type=\"container\">\n\t\t\t\t\t<div class=\"e-con-inner\">\n\t\t\t\t<div class=\"elementor-element elementor-element-3258e0a elementor-widget elementor-widget-heading\" data-id=\"3258e0a\" data-element_type=\"widget\" data-e-type=\"widget\" data-widget_type=\"heading.default\">\n\t\t\t\t\t<h2 class=\"elementor-heading-title elementor-size-default\">Formulaire de souscription<\/h2>\t\t\t\t<\/div>\n\t\t\t\t<div class=\"elementor-element elementor-element-120d749 elementor-widget elementor-widget-wpforms\" data-id=\"120d749\" data-element_type=\"widget\" data-e-type=\"widget\" data-widget_type=\"wpforms.default\">\n\t\t\t\t<div class=\"elementor-widget-container\">\n\t\t\t\t\t<div class=\"wpforms-container wpforms-container-full wpforms-render-modern\" id=\"wpforms-1525\"><form id=\"wpforms-form-1525\" class=\"wpforms-validate wpforms-form wpforms-ajax-form\" data-formid=\"1525\" method=\"post\" enctype=\"multipart\/form-data\" action=\"\/index.php\/wp-json\/wp\/v2\/pages\/1517\" data-token=\"8b2ad36077db0be4459242cf069ee85f\" data-token-time=\"1777562947\"><noscript class=\"wpforms-error-noscript\">Veuillez activer JavaScript dans votre navigateur pour remplir ce formulaire.<\/noscript><div id=\"wpforms-error-noscript\" style=\"display: none;\">Veuillez activer JavaScript dans votre navigateur pour remplir ce formulaire.<\/div><div class=\"wpforms-field-container\"><div id=\"wpforms-1525-field_1-container\" class=\"wpforms-field wpforms-field-name\" data-field-id=\"1\"><fieldset><legend class=\"wpforms-field-label\">Nom <span class=\"wpforms-required-label\" aria-hidden=\"true\">*<\/span><\/legend><div class=\"wpforms-field-row wpforms-field-medium\"><div class=\"wpforms-field-row-block wpforms-first wpforms-one-half\"><input type=\"text\" id=\"wpforms-1525-field_1\" class=\"wpforms-field-name-first wpforms-field-required\" name=\"wpforms[fields][1][first]\" aria-errormessage=\"wpforms-1525-field_1-error\" required><label for=\"wpforms-1525-field_1\" class=\"wpforms-field-sublabel after\">Pr\u00e9nom<\/label><\/div><div class=\"wpforms-field-row-block wpforms-one-half\"><input type=\"text\" id=\"wpforms-1525-field_1-last\" class=\"wpforms-field-name-last wpforms-field-required\" name=\"wpforms[fields][1][last]\" aria-errormessage=\"wpforms-1525-field_1-last-error\" required><label for=\"wpforms-1525-field_1-last\" class=\"wpforms-field-sublabel after\">Nom<\/label><\/div><\/div><\/fieldset><\/div>\t\t<div id=\"wpforms-1525-field_2-container\"\n\t\t\tclass=\"wpforms-field wpforms-field-text\"\n\t\t\tdata-field-type=\"text\"\n\t\t\tdata-field-id=\"2\"\n\t\t\t>\n\t\t\t<label class=\"wpforms-field-label\" for=\"wpforms-1525-field_2\" >adresse ou Avez-vous<\/label>\n\t\t\t<input type=\"text\" id=\"wpforms-1525-field_2\" class=\"wpforms-field-medium\" name=\"wpforms[fields][2]\" >\n\t\t<\/div>\n\t\t<div id=\"wpforms-1525-field_8-container\" class=\"wpforms-field wpforms-field-email\" data-field-id=\"8\"><label class=\"wpforms-field-label\" for=\"wpforms-1525-field_8\">Courriel <span class=\"wpforms-required-label\" aria-hidden=\"true\">*<\/span><\/label><input type=\"email\" id=\"wpforms-1525-field_8\" class=\"wpforms-field-medium wpforms-field-required\" name=\"wpforms[fields][8]\" spellcheck=\"false\" aria-errormessage=\"wpforms-1525-field_8-error\" required><\/div><div id=\"wpforms-1525-field_4-container\" class=\"wpforms-field wpforms-field-radio wpforms-list-inline\" data-field-id=\"4\"><fieldset><legend class=\"wpforms-field-label\">Avez-vous d\u00e9ja un abonnement chez nous ? <span class=\"wpforms-required-label\" aria-hidden=\"true\">*<\/span><\/legend><ul id=\"wpforms-1525-field_4\" class=\"wpforms-field-required\"><li class=\"choice-1 depth-1\"><input type=\"radio\" id=\"wpforms-1525-field_4_1\" name=\"wpforms[fields][4]\" value=\"Oui\" aria-errormessage=\"wpforms-1525-field_4_1-error\" required ><label class=\"wpforms-field-label-inline\" for=\"wpforms-1525-field_4_1\">Oui<\/label><\/li><li class=\"choice-2 depth-1\"><input type=\"radio\" id=\"wpforms-1525-field_4_2\" name=\"wpforms[fields][4]\" value=\"Non\" aria-errormessage=\"wpforms-1525-field_4_2-error\" required ><label class=\"wpforms-field-label-inline\" for=\"wpforms-1525-field_4_2\">Non<\/label><\/li><\/ul><\/fieldset><\/div><div id=\"wpforms-1525-field_11-container\" class=\"wpforms-field wpforms-field-radio wpforms-list-inline\" data-field-id=\"11\"><fieldset><legend class=\"wpforms-field-label\">Avez-vous d\u00e9ja un un boitier Formuler ? <span class=\"wpforms-required-label\" aria-hidden=\"true\">*<\/span><\/legend><ul id=\"wpforms-1525-field_11\" class=\"wpforms-field-required\"><li class=\"choice-1 depth-1\"><input type=\"radio\" id=\"wpforms-1525-field_11_1\" name=\"wpforms[fields][11]\" value=\"Oui\" aria-errormessage=\"wpforms-1525-field_11_1-error\" required ><label class=\"wpforms-field-label-inline\" for=\"wpforms-1525-field_11_1\">Oui<\/label><\/li><li class=\"choice-2 depth-1\"><input type=\"radio\" id=\"wpforms-1525-field_11_2\" name=\"wpforms[fields][11]\" value=\"Non\" aria-errormessage=\"wpforms-1525-field_11_2-error\" required ><label class=\"wpforms-field-label-inline\" for=\"wpforms-1525-field_11_2\">Non<\/label><\/li><\/ul><\/fieldset><\/div><div id=\"wpforms-1525-field_6-container\" class=\"wpforms-field wpforms-field-select wpforms-field-select-style-classic\" data-field-id=\"6\"><label class=\"wpforms-field-label\" for=\"wpforms-1525-field_6\">Quel type d abonnement souhaitez-vous? <span class=\"wpforms-required-label\" aria-hidden=\"true\">*<\/span><\/label><select id=\"wpforms-1525-field_6\" class=\"wpforms-field-large wpforms-field-required\" name=\"wpforms[fields][6][]\" required=\"required\" multiple=\"multiple\"><option value=\"1 mois 25 CAD\"  class=\"choice-4 depth-1\"  >1 mois 25 CAD<\/option><option value=\"3 mois 70 CAD\"  class=\"choice-1 depth-1\"  >3 mois 70 CAD<\/option><option value=\"6 mois + 1 mois GRATUIT 125 CAD\"  class=\"choice-2 depth-1\"  >6 mois + 1 mois GRATUIT 125 CAD<\/option><option value=\"12 mois + 2 mois GRATUITS 220 CAD\"  class=\"choice-3 depth-1\"  >12 mois + 2 mois GRATUITS 220 CAD<\/option><\/select><\/div><div id=\"wpforms-1525-field_7-container\" class=\"wpforms-field wpforms-field-textarea\" data-field-id=\"7\"><label class=\"wpforms-field-label\" for=\"wpforms-1525-field_7\">Commentaires ou questions?<\/label><textarea id=\"wpforms-1525-field_7\" class=\"wpforms-field-medium\" name=\"wpforms[fields][7]\" aria-errormessage=\"wpforms-1525-field_7-error\" ><\/textarea><\/div><div id=\"wpforms-1525-field_12-container\" class=\"wpforms-field wpforms-field-text\" data-field-id=\"12\"><label class=\"wpforms-field-label\" for=\"wpforms-1525-field_12\">Votre adresse MAC <span class=\"wpforms-required-label\" aria-hidden=\"true\">*<\/span><\/label><input type=\"text\" id=\"wpforms-1525-field_12\" class=\"wpforms-field-small wpforms-field-required wpforms-masked-input\" data-rule-inputmask-incomplete=\"1\" data-inputmask-mask=\"A9:A9:A9:A9:A9:A9\" name=\"wpforms[fields][12]\" placeholder=\"00:1E:xx:xx:xx::xx\" aria-errormessage=\"wpforms-1525-field_12-error\" aria-describedby=\"wpforms-1525-field_12-description\" required><div id=\"wpforms-1525-field_12-description\" class=\"wpforms-field-description\">Une adresse MAC est un identifiant unique attribu\u00e9 \u00e0 chaque appareil connect\u00e9 \u00e0 un r\u00e9seau, comme un ordinateur, un smartphone, ou une imprimante. Pense \u00e0 elle comme \u00e0 la carte d'identit\u00e9 de ton appareil sur le r\u00e9seau local.\n<\/div><\/div><script>\n\t\t\t\t( function() {\n\t\t\t\t\tconst style = document.createElement( 'style' );\n\t\t\t\t\tstyle.appendChild( document.createTextNode( '#wpforms-1525-field_2-container { position: absolute !important; overflow: hidden !important; display: inline !important; height: 1px !important; width: 1px !important; z-index: -1000 !important; padding: 0 !important; } #wpforms-1525-field_2-container input { visibility: hidden; } #wpforms-conversational-form-page #wpforms-1525-field_2-container label { counter-increment: none; }' ) );\n\t\t\t\t\tdocument.head.appendChild( style );\n\t\t\t\t\tdocument.currentScript?.remove();\n\t\t\t\t} )();\n\t\t\t<\/script><\/div><!-- .wpforms-field-container --><div class=\"wpforms-submit-container\" ><input type=\"hidden\" name=\"wpforms[id]\" value=\"1525\"><input type=\"hidden\" name=\"page_title\" value=\"\"><input type=\"hidden\" name=\"page_url\" value=\"https:\/\/elektragranby.ca\/index.php\/wp-json\/wp\/v2\/pages\/1517\"><input type=\"hidden\" name=\"url_referer\" value=\"\"><button type=\"submit\" name=\"wpforms[submit]\" id=\"wpforms-submit-1525\" class=\"wpforms-submit\" data-alt-text=\"Envoi en cours...\" data-submit-text=\"Envoyer\" aria-live=\"assertive\" value=\"wpforms-submit\">Envoyer<\/button><img decoding=\"async\" src=\"data:image\/gif;base64,R0lGODlhAQABAIAAAAAAAP\/\/\/yH5BAEAAAAALAAAAAABAAEAAAIBRAA7\" data-src=\"https:\/\/elektragranby.ca\/wp-content\/plugins\/wpforms-lite\/assets\/images\/submit-spin.svg\" class=\"wpforms-submit-spinner lazyload\" style=\"display: none;\" width=\"26\" height=\"26\" alt=\"Chargement en cours\"><noscript><img loading=\"lazy\" decoding=\"async\" src=\"https:\/\/elektragranby.ca\/wp-content\/plugins\/wpforms-lite\/assets\/images\/submit-spin.svg\" class=\"wpforms-submit-spinner lazyload\" style=\"display: none;\" width=\"26\" height=\"26\" alt=\"Chargement en cours\"><\/noscript><\/div><\/form><\/div>  <!-- .wpforms-container -->\t\t\t\t<\/div>\n\t\t\t\t<\/div>\n\t\t\t\t\t<\/div>\n\t\t\t\t<\/div>\n\t\t<div class=\"elementor-element elementor-element-2f34a1d e-flex e-con-boxed e-con e-parent\" data-id=\"2f34a1d\" data-element_type=\"container\" data-e-type=\"container\">\n\t\t\t\t\t<div class=\"e-con-inner\">\n\t\t\t\t<div class=\"elementor-element elementor-element-368743d elementor-widget elementor-widget-text-editor\" data-id=\"368743d\" data-element_type=\"widget\" data-e-type=\"widget\" data-widget_type=\"text-editor.default\">\n\t\t\t\t\t\t\t\t\t<div id=\"model-response-message-contentr_954bf3147caef776\" class=\"markdown markdown-main-panel enable-updated-hr-color\" dir=\"ltr\"><h2>1. Installation de l&rsquo;application<\/h2><p>\u00a0<\/p><p>La premi\u00e8re \u00e9tape consiste \u00e0 installer l&rsquo;application sur ta Formuler Z11. L&rsquo;application est g\u00e9n\u00e9ralement disponible sur l&rsquo;<b>App Store<\/b> de la Formuler.<\/p><ol start=\"1\"><li><p>Acc\u00e8de \u00e0 l&rsquo;\u00e9cran d&rsquo;accueil de la Formuler.<\/p><\/li><li><p>Navigue vers l&rsquo;<b>App Store<\/b> ou le <b>MyTVOnline3<\/b> (car l&rsquo;application est souvent int\u00e9gr\u00e9e ou se t\u00e9l\u00e9charge via un menu sp\u00e9cifique).<\/p><\/li><li><p>Cherche l&rsquo;application.<\/p><\/li><li><p>S\u00e9lectionne l&rsquo;application et clique sur <b>Installer<\/b>.<\/p><\/li><li><p>Une fois l&rsquo;installation termin\u00e9e, ouvre l&rsquo;application.<\/p><\/li><\/ol><hr \/><p>\u00a0<\/p><h2>2. Configuration de l&rsquo;abonnement<\/h2><p>\u00a0<\/p><p>Une fois l&rsquo;application ouverte, tu devras entrer tes informations d&rsquo;abonnement.<\/p><ol start=\"1\"><li><p>Au premier lancement, l&rsquo;application te demandera d&rsquo;ajouter une nouvelle playlist.<\/p><\/li><li><p>Choisis l&rsquo;option de <b>connexion avec Xtream Codes<\/b>. Cette option te demandera deux informations distinctes :<\/p><ul><li><p><b>Nom d&rsquo;utilisateur<\/b><\/p><\/li><li><p><b>URL du portail<\/b><\/p><\/li><\/ul><\/li><li><p>Entre soigneusement ces informations que ton fournisseur t&rsquo;a donn\u00e9es. Assure-toi qu&rsquo;il n&rsquo;y a pas d&rsquo;erreurs de frappe.<\/p><\/li><li><p>Clique sur <b>Connecter<\/b> ou <b>Enregistrer<\/b>. L&rsquo;application va alors se connecter au serveur de ton fournisseur et t\u00e9l\u00e9charger la liste des cha\u00eenes et des VOD (vid\u00e9os \u00e0 la demande).<\/p><\/li><\/ol><hr \/><p>\u00a0<\/p><h2>3. Navigation et utilisation<\/h2><p>\u00a0<\/p><p>Une fois la connexion \u00e9tablie, tu peux commencer \u00e0 profiter du service.<\/p><ul><li><p><b>Cha\u00eenes en direct<\/b> : L&rsquo;\u00e9cran d&rsquo;accueil de l&rsquo;application affichera les cha\u00eenes class\u00e9es par cat\u00e9gories (films, sports, actualit\u00e9s, etc.). Navigue \u00e0 l&rsquo;aide des fl\u00e8ches de ta t\u00e9l\u00e9commande.<\/p><\/li><li><p><b>Vid\u00e9os \u00e0 la demande (VOD)<\/b> : Souvent, il y a une section s\u00e9par\u00e9e pour les films et les s\u00e9ries. Tu peux les trouver dans un menu \u00e0 part.<\/p><\/li><li><p><b>Fonctions sp\u00e9ciales<\/b> : L&rsquo;application offre des options comme le guide des programmes (EPG), le timeshift (pause et retour en arri\u00e8re sur une cha\u00eene en direct) et la mise en favoris des cha\u00eenes.<\/p><\/li><li><p><b>Mise \u00e0 jour<\/b> : Si tu as un probl\u00e8me avec une cha\u00eene ou un contenu, tu peux g\u00e9n\u00e9ralement forcer une <b>mise \u00e0 jour<\/b> de la liste de lecture depuis le menu des param\u00e8tres de l&rsquo;application.<\/p><\/li><\/ul><p>Profite de tes \u00e9missions!<\/p><\/div>\t\t\t\t\t\t\t\t<\/div>\n\t\t\t\t\t<\/div>\n\t\t\t\t<\/div>\n\t\t<div class=\"elementor-element elementor-element-b944f69 e-flex e-con-boxed e-con e-parent\" data-id=\"b944f69\" data-element_type=\"container\" data-e-type=\"container\">\n\t\t\t\t\t<div class=\"e-con-inner\">\n\t\t\t\t\t<\/div>\n\t\t\t\t<\/div>\n\t\t\t\t<\/div>\n\t\t","protected":false},"excerpt":{"rendered":"<p>L&rsquo;IPTV, ou t\u00e9l\u00e9vision sur protocole Internet, est une technologie qui diffuse des cha\u00eenes et du contenu vid\u00e9o directement par votre connexion Internet. Plut\u00f4t que d&rsquo;utiliser un c\u00e2ble ou une antenne, elle fonctionne comme le streaming (\u00e0 la mani\u00e8re de Netflix), ce qui vous permet de regarder des programmes sur une multitude d&rsquo;appareils connect\u00e9s. Afin d&hellip;<\/p>\n","protected":false},"author":1,"featured_media":0,"parent":0,"menu_order":0,"comment_status":"closed","ping_status":"closed","template":"","meta":{"_monsterinsights_skip_tracking":false,"_monsterinsights_sitenote_active":false,"_monsterinsights_sitenote_note":"","_monsterinsights_sitenote_category":0,"footnotes":""},"class_list":["post-1517","page","type-page","status-publish","hentry"],"aioseo_notices":[],"_links":{"self":[{"href":"https:\/\/elektragranby.ca\/index.php\/wp-json\/wp\/v2\/pages\/1517","targetHints":{"allow":["GET"]}}],"collection":[{"href":"https:\/\/elektragranby.ca\/index.php\/wp-json\/wp\/v2\/pages"}],"about":[{"href":"https:\/\/elektragranby.ca\/index.php\/wp-json\/wp\/v2\/types\/page"}],"author":[{"embeddable":true,"href":"https:\/\/elektragranby.ca\/index.php\/wp-json\/wp\/v2\/users\/1"}],"replies":[{"embeddable":true,"href":"https:\/\/elektragranby.ca\/index.php\/wp-json\/wp\/v2\/comments?post=1517"}],"version-history":[{"count":0,"href":"https:\/\/elektragranby.ca\/index.php\/wp-json\/wp\/v2\/pages\/1517\/revisions"}],"wp:attachment":[{"href":"https:\/\/elektragranby.ca\/index.php\/wp-json\/wp\/v2\/media?parent=1517"}],"curies":[{"name":"wp","href":"https:\/\/api.w.org\/{rel}","templated":true}]}}