{"id":1302,"date":"2025-08-15T20:10:24","date_gmt":"2025-08-15T20:10:24","guid":{"rendered":"https:\/\/elektragranby.ca\/?page_id=1302"},"modified":"2025-08-25T19:20:40","modified_gmt":"2025-08-25T19:20:40","slug":"achat-or","status":"publish","type":"page","link":"https:\/\/elektragranby.ca\/index.php\/achat-or\/","title":{"rendered":"Achat or"},"content":{"rendered":"\t\t<div data-elementor-type=\"wp-page\" data-elementor-id=\"1302\" class=\"elementor elementor-1302\">\n\t\t\t\t<div class=\"elementor-element elementor-element-67791895 e-flex e-con-boxed e-con e-parent\" data-id=\"67791895\" data-element_type=\"container\" data-e-type=\"container\">\n\t\t\t\t\t<div class=\"e-con-inner\">\n\t\t\t\t<div class=\"elementor-element elementor-element-25d76142 elementor-widget elementor-widget-text-editor\" data-id=\"25d76142\" data-element_type=\"widget\" data-e-type=\"widget\" data-widget_type=\"text-editor.default\">\n\t\t\t\t\t\t\t\t\t<h2><b>Achat d&rsquo;or chez Elektra : Notre Politique<\/b><\/h2>\r\n&nbsp;\r\n\r\nChez <b>Elektra<\/b>, notre priorit\u00e9 est l&rsquo;achat d&rsquo;or. Nous nous sp\u00e9cialisons dans l&rsquo;acquisition de vos biens en or, qu&rsquo;il s&rsquo;agisse de bijoux, de pi\u00e8ces, de lingots, ou de tout autre objet en or.\r\n\r\n&nbsp;\r\n<h3><b>Ce que nous achetons<\/b><\/h3>\r\n&nbsp;\r\n\r\nNous achetons <b>uniquement de l&rsquo;or<\/b>. Notre expertise nous permet d&rsquo;\u00e9valuer vos biens en or de mani\u00e8re pr\u00e9cise et \u00e9quitable, en nous basant sur le cours actuel du march\u00e9.\r\n\r\nNous n&rsquo;achetons <b>pas d&rsquo;argent, de platine ni d&rsquo;autres m\u00e9taux pr\u00e9cieux<\/b>. Notre processus d&rsquo;achat est sp\u00e9cifiquement optimis\u00e9 pour l&rsquo;or afin de vous offrir le meilleur service et le meilleur prix possible.\r\n\r\n&nbsp;\r\n<h3><b>Ce que nous ne vendons pas<\/b><\/h3>\r\n&nbsp;\r\n\r\nVeuillez noter que <b>nous ne vendons pas de bijoux, de montres ou d&rsquo;autres articles<\/b> dans notre magasin. Notre activit\u00e9 se concentre exclusivement sur l&rsquo;achat. Nous ne sommes pas une bijouterie, mais un service de pr\u00eat sur gages sp\u00e9cialis\u00e9 dans l&rsquo;acquisition d&rsquo;or.\r\n\r\nVous avez de l&rsquo;or \u00e0 vendre ? Passez nous voir pour une \u00e9valuation gratuite et sans engagement.\t\t\t\t\t\t\t\t<\/div>\n\t\t\t\t\t<\/div>\n\t\t\t\t<\/div>\n\t\t\t\t<\/div>\n\t\t","protected":false},"excerpt":{"rendered":"<p>Achat d&rsquo;or chez Elektra : Notre Politique Chez Elektra, notre priorit\u00e9 est l&rsquo;achat d&rsquo;or. Nous nous sp\u00e9cialisons dans l&rsquo;acquisition de vos biens en or, qu&rsquo;il s&rsquo;agisse de bijoux, de pi\u00e8ces, de lingots, ou de tout autre objet en or. Ce que nous achetons Nous achetons uniquement de l&rsquo;or. Notre expertise nous permet d&rsquo;\u00e9valuer vos biens&hellip;<\/p>\n","protected":false},"author":1,"featured_media":0,"parent":0,"menu_order":0,"comment_status":"closed","ping_status":"closed","template":"","meta":{"_monsterinsights_skip_tracking":false,"_monsterinsights_sitenote_active":false,"_monsterinsights_sitenote_note":"","_monsterinsights_sitenote_category":0,"footnotes":""},"class_list":["post-1302","page","type-page","status-publish","hentry"],"aioseo_notices":[],"_links":{"self":[{"href":"https:\/\/elektragranby.ca\/index.php\/wp-json\/wp\/v2\/pages\/1302","targetHints":{"allow":["GET"]}}],"collection":[{"href":"https:\/\/elektragranby.ca\/index.php\/wp-json\/wp\/v2\/pages"}],"about":[{"href":"https:\/\/elektragranby.ca\/index.php\/wp-json\/wp\/v2\/types\/page"}],"author":[{"embeddable":true,"href":"https:\/\/elektragranby.ca\/index.php\/wp-json\/wp\/v2\/users\/1"}],"replies":[{"embeddable":true,"href":"https:\/\/elektragranby.ca\/index.php\/wp-json\/wp\/v2\/comments?post=1302"}],"version-history":[{"count":0,"href":"https:\/\/elektragranby.ca\/index.php\/wp-json\/wp\/v2\/pages\/1302\/revisions"}],"wp:attachment":[{"href":"https:\/\/elektragranby.ca\/index.php\/wp-json\/wp\/v2\/media?parent=1302"}],"curies":[{"name":"wp","href":"https:\/\/api.w.org\/{rel}","templated":true}]}}